{"id":188,"date":"2017-03-06T21:21:27","date_gmt":"2017-03-06T20:21:27","guid":{"rendered":"http:\/\/www.deanreed.de\/AmericanRebel\/ml\/?page_id=188"},"modified":"2017-03-20T17:07:19","modified_gmt":"2017-03-20T16:07:19","slug":"forum-zur-foerderung-der-einheit-der-marxisten-leninisten","status":"publish","type":"page","link":"https:\/\/www.deanreed.de\/AmericanRebel\/ml\/forum-zur-foerderung-der-einheit-der-marxisten-leninisten\/","title":{"rendered":"&nbsp;&nbsp;&nbsp;&nbsp;&nbsp;&nbsp;&nbsp;&nbsp;&nbsp;&nbsp;Forum &nbsp;&nbsp; zur &nbsp;&nbsp; F\u00f6rderung &nbsp;&nbsp; der &nbsp;&nbsp; Einheit &nbsp;&nbsp; der &nbsp;&nbsp; Marxisten-Leninisten&nbsp;&nbsp;&nbsp;&nbsp;&nbsp;&nbsp;&nbsp;&nbsp;&nbsp;&nbsp;&nbsp;&nbsp;&nbsp;&nbsp;&nbsp;&#8211;"},"content":{"rendered":"<p style=\"text-align: justify;\"><strong>Du bist auf dem Onlineportal &#8222;EINHEIT&#8220;, herausgegeben von revolution\u00e4ren Marxisten-Leninisten die mit der Ver\u00f6ffentlichung von Artikeln verschiedener Organisationen und Einzelpersonen einen Beitrag zur Schaffung der Einheit aller Marxisten-Lenisten in Deutschland leisten wollen.<\/strong><\/p>\n<p style=\"text-align: justify;\"><strong>Seit einigen Jahren bem\u00fchen sich verschiedene ML-Parteien und Organisationen um die Einheit aller Marxisten-Leninisten in einer Partei. Der Weg dorthin ist schwer. Reformistische, revisionistische und allerlei skurrile Ideologien haben sich in vielen Teilen der deutschen Genossen und Genossinnen eingenistet und versperren den Weg zur Einheit. Doch:<\/strong><\/p>\n<ul>\n<li style=\"text-align: justify;\"><strong>Unser Ziel der Sozialismus und sp\u00e4ter der Kommunismus kann nur auf der Grundlage der wissenschaftlichen Weltanschauung der Arbeiterklasse, dem Marxismus-Leninismus erreicht werden.<\/strong><\/li>\n<li style=\"text-align: justify;\"><strong>Die Erlangung der Macht der Arbeiterklasse und die Errichtung der Diktatur des Proletariats mit ihren nat\u00fcrlichen Verb\u00fcndeten, kann nur auf revolution\u00e4rem Wege erreicht werden.<\/strong><\/li>\n<li style=\"text-align: justify;\"><strong>Die Ursache f\u00fcr die Spaltung der Kommunistischen Parteien nach dem XX. Parteitag der KPdSU war der Verrat der revisionistischen Chruschtschowclique und ihren Nachfolgern, die auch f\u00fcr die Restauration des Kapitalismus in der UdSSR verantwortlich sind.<\/strong><\/li>\n<li style=\"text-align: justify;\"><strong>Die Hauptursache f\u00fcr die Zerst\u00f6rung und Beseitigung des Sozialismus auf deutschem Boden war der Revisionismus. Er ist noch heute, in seinen verschiedenen Facetten, der Grund f\u00fcr die Spaltung der Marxisten-Leninisten in Deutschland.<\/strong><\/li>\n<\/ul>\n<p style=\"text-align: justify;\"><strong>Das Onlineportal &#8222;EINHEIT&#8220; steht nicht in Konkurrenz zu den Publikationen anderer Organisationen. Es soll den Meinungs- und Informationsaustausch zwischen organisierten Genossen\/innen und unorganisierten ML-lern f\u00f6rdern und so die M\u00f6glichkeit schaffen sich zu orientieren.<\/strong><\/p>\n<p style=\"text-align: justify;\"><strong>Ver\u00f6ffentlichungen nehmen wir von jeder Organisation und Einzelpersonen an, soweit diese ernsthaft an der Einheit der Marxisten-Leninisten in Deutschland interessiert sind und sachlich und konstruktiv aufgebaut sind. Alle Artikel werden ungek\u00fcrzt und von der Redaktion unkommentiert, ver\u00f6ffentlicht.<\/strong><br \/>\n<strong> <span style=\"color: #ffffff;\">.<\/span><\/strong><br \/>\n<strong> Schickt Eure Beitr\u00e4ge bitte an: <a href=\"mailto:Einheit-ML@gmx.de\" target=\"_blank\">Einheit-ML@gmx.de<\/a><\/strong><\/p>\n","protected":false},"excerpt":{"rendered":"<p>Du bist auf dem Onlineportal &#8222;EINHEIT&#8220;, herausgegeben von revolution\u00e4ren Marxisten-Leninisten die mit der Ver\u00f6ffentlichung von Artikeln verschiedener Organisationen und Einzelpersonen einen Beitrag zur Schaffung der Einheit aller Marxisten-Lenisten in Deutschland leisten wollen. Seit einigen Jahren bem\u00fchen sich verschiedene ML-Parteien und [&hellip;]<a class=\"more-link\" href=\"https:\/\/www.deanreed.de\/AmericanRebel\/ml\/forum-zur-foerderung-der-einheit-der-marxisten-leninisten\/\">&darr; Lese den Rest von diesem Eintrag&#8230;<\/a><\/p>\n","protected":false},"author":1,"featured_media":0,"parent":0,"menu_order":0,"comment_status":"closed","ping_status":"closed","template":"","meta":[],"yoast_head":"<!-- This site is optimized with the Yoast SEO plugin v14.9 - https:\/\/yoast.com\/wordpress\/plugins\/seo\/ -->\n<title>&nbsp;&nbsp;&nbsp;&nbsp;&nbsp;&nbsp;&nbsp;&nbsp;&nbsp;&nbsp;Forum &nbsp;&nbsp; zur &nbsp;&nbsp; F\u00f6rderung &nbsp;&nbsp; der &nbsp;&nbsp; Einheit &nbsp;&nbsp; der &nbsp;&nbsp; Marxisten-Leninisten&nbsp;&nbsp;&nbsp;&nbsp;&nbsp;&nbsp;&nbsp;&nbsp;&nbsp;&nbsp;&nbsp;&nbsp;&nbsp;&nbsp;&nbsp;- Einheit<\/title>\n<meta name=\"robots\" content=\"index, follow, max-snippet:-1, max-image-preview:large, max-video-preview:-1\" \/>\n<link rel=\"canonical\" href=\"http:\/\/www.deanreed.de\/AmericanRebel\/ml\/forum-zur-foerderung-der-einheit-der-marxisten-leninisten\/\" \/>\n<meta property=\"og:locale\" content=\"de_DE\" \/>\n<meta property=\"og:type\" content=\"article\" \/>\n<meta property=\"og:title\" content=\"&nbsp;&nbsp;&nbsp;&nbsp;&nbsp;&nbsp;&nbsp;&nbsp;&nbsp;&nbsp;Forum &nbsp;&nbsp; zur &nbsp;&nbsp; F\u00f6rderung &nbsp;&nbsp; der &nbsp;&nbsp; Einheit &nbsp;&nbsp; der &nbsp;&nbsp; Marxisten-Leninisten&nbsp;&nbsp;&nbsp;&nbsp;&nbsp;&nbsp;&nbsp;&nbsp;&nbsp;&nbsp;&nbsp;&nbsp;&nbsp;&nbsp;&nbsp;- Einheit\" \/>\n<meta property=\"og:description\" content=\"Du bist auf dem Onlineportal &#8222;EINHEIT&#8220;, herausgegeben von revolution\u00e4ren Marxisten-Leninisten die mit der Ver\u00f6ffentlichung von Artikeln verschiedener Organisationen und Einzelpersonen einen Beitrag zur Schaffung der Einheit aller Marxisten-Lenisten in Deutschland leisten wollen. Seit einigen Jahren bem\u00fchen sich verschiedene ML-Parteien und [&hellip;]&darr; Lese den Rest von diesem Eintrag...\" \/>\n<meta property=\"og:url\" content=\"http:\/\/www.deanreed.de\/AmericanRebel\/ml\/forum-zur-foerderung-der-einheit-der-marxisten-leninisten\/\" \/>\n<meta property=\"og:site_name\" content=\"Einheit\" \/>\n<meta property=\"article:modified_time\" content=\"2017-03-20T16:07:19+00:00\" \/>\n<meta name=\"twitter:card\" content=\"summary_large_image\" \/>\n<script type=\"application\/ld+json\" class=\"yoast-schema-graph\">{\"@context\":\"https:\/\/schema.org\",\"@graph\":[{\"@type\":\"WebSite\",\"@id\":\"https:\/\/www.deanreed.de\/AmericanRebel\/ml\/#website\",\"url\":\"https:\/\/www.deanreed.de\/AmericanRebel\/ml\/\",\"name\":\"Einheit\",\"description\":\"Forum zur F\\u00f6rderung der Einheit der Marxisten-Leninisten\",\"potentialAction\":[{\"@type\":\"SearchAction\",\"target\":\"https:\/\/www.deanreed.de\/AmericanRebel\/ml\/?s={search_term_string}\",\"query-input\":\"required name=search_term_string\"}],\"inLanguage\":\"de\"},{\"@type\":\"WebPage\",\"@id\":\"http:\/\/www.deanreed.de\/AmericanRebel\/ml\/forum-zur-foerderung-der-einheit-der-marxisten-leninisten\/#webpage\",\"url\":\"http:\/\/www.deanreed.de\/AmericanRebel\/ml\/forum-zur-foerderung-der-einheit-der-marxisten-leninisten\/\",\"name\":\"&nbsp;&nbsp;&nbsp;&nbsp;&nbsp;&nbsp;&nbsp;&nbsp;&nbsp;&nbsp;Forum &nbsp;&nbsp; zur &nbsp;&nbsp; F\\u00f6rderung &nbsp;&nbsp; der &nbsp;&nbsp; Einheit &nbsp;&nbsp; der &nbsp;&nbsp; Marxisten-Leninisten&nbsp;&nbsp;&nbsp;&nbsp;&nbsp;&nbsp;&nbsp;&nbsp;&nbsp;&nbsp;&nbsp;&nbsp;&nbsp;&nbsp;&nbsp;- Einheit\",\"isPartOf\":{\"@id\":\"https:\/\/www.deanreed.de\/AmericanRebel\/ml\/#website\"},\"datePublished\":\"2017-03-06T20:21:27+00:00\",\"dateModified\":\"2017-03-20T16:07:19+00:00\",\"inLanguage\":\"de\",\"potentialAction\":[{\"@type\":\"ReadAction\",\"target\":[\"http:\/\/www.deanreed.de\/AmericanRebel\/ml\/forum-zur-foerderung-der-einheit-der-marxisten-leninisten\/\"]}]}]}<\/script>\n<!-- \/ Yoast SEO plugin. -->","_links":{"self":[{"href":"https:\/\/www.deanreed.de\/AmericanRebel\/ml\/wp-json\/wp\/v2\/pages\/188"}],"collection":[{"href":"https:\/\/www.deanreed.de\/AmericanRebel\/ml\/wp-json\/wp\/v2\/pages"}],"about":[{"href":"https:\/\/www.deanreed.de\/AmericanRebel\/ml\/wp-json\/wp\/v2\/types\/page"}],"author":[{"embeddable":true,"href":"https:\/\/www.deanreed.de\/AmericanRebel\/ml\/wp-json\/wp\/v2\/users\/1"}],"replies":[{"embeddable":true,"href":"https:\/\/www.deanreed.de\/AmericanRebel\/ml\/wp-json\/wp\/v2\/comments?post=188"}],"version-history":[{"count":19,"href":"https:\/\/www.deanreed.de\/AmericanRebel\/ml\/wp-json\/wp\/v2\/pages\/188\/revisions"}],"predecessor-version":[{"id":442,"href":"https:\/\/www.deanreed.de\/AmericanRebel\/ml\/wp-json\/wp\/v2\/pages\/188\/revisions\/442"}],"wp:attachment":[{"href":"https:\/\/www.deanreed.de\/AmericanRebel\/ml\/wp-json\/wp\/v2\/media?parent=188"}],"curies":[{"name":"wp","href":"https:\/\/api.w.org\/{rel}","templated":true}]}}