{"id":31,"date":"2015-12-01T02:19:20","date_gmt":"2015-12-01T01:19:20","guid":{"rendered":"http:\/\/www.deanreed.de\/AmericanRebel\/2017\/?page_id=31"},"modified":"2017-08-25T21:04:06","modified_gmt":"2017-08-25T19:04:06","slug":"in-eigener-sache","status":"publish","type":"page","link":"https:\/\/www.deanreed.de\/AmericanRebel\/2017\/in-eigener-sache\/","title":{"rendered":"In eigener Sache"},"content":{"rendered":"<p style=\"text-align: justify;\">&#8222;American Rebel&#8220; ist eine internationale Online-Zeitung f\u00fcr Frieden, Humanismus, V\u00f6lkerverst\u00e4ndigung und Kultur. Sie ist, angelehnt an das Wirken und den Kampf von Dean Reed f\u00fcr eine gerechtere und friedliche Weltordnung, ein Informationspool, Diskussionsforum und Hintergrundlieferant f\u00fcr und \u00fcber alle Themen die in diesem Sinne interessant sind.<\/p>\n<p style=\"text-align: justify;\">Die Meinungen der Leserinnen und Leser sind gefragt. In American Rebel kann jede\/r selbst Artikel ver\u00f6ffentlichen. Also, haut in die Tasten und f\u00fcllt die leeren Seiten! So international wie der amerikanische Rebell Dean Reed war, ist auch &#8222;American Rebel&#8220;. Die Artikel sollen die Kontinente im Zeichen des Friedens und der V\u00f6lkerfreundschaft verbinden, deshalb kann jede\/r seinen Beitrag in seiner Muttersprache verfassen.<\/p>\n<h3><span style=\"font-size: 12pt;\">Kontakt: <\/span><a href=\"mailto:AmericanRebel@gmx.net\" target=\"_blank\" rel=\"noopener\"><span style=\"font-size: 12pt;\">AmericanRebel@gmx.net<\/span><\/a><\/h3>\n<h3><span style=\"font-size: 12pt;\">Redaktion American-Rebel, im September 2001, \u00fcberarbeitet im Dezember 2015<\/span><\/h3>\n","protected":false},"excerpt":{"rendered":"<p>&#8222;American Rebel&#8220; ist eine internationale Online-Zeitung f\u00fcr Frieden, Humanismus, V\u00f6lkerverst\u00e4ndigung und Kultur. Sie ist, angelehnt an das Wirken und den Kampf von Dean Reed f\u00fcr eine gerechtere und friedliche Weltordnung, ein Informationspool, Diskussionsforum und Hintergrundlieferant f\u00fcr und \u00fcber alle Themen [&hellip;]<a class=\"more-link\" href=\"https:\/\/www.deanreed.de\/AmericanRebel\/2017\/in-eigener-sache\/\">&darr; Lese den Rest von diesem Eintrag&#8230;<\/a><\/p>\n","protected":false},"author":2,"featured_media":0,"parent":0,"menu_order":0,"comment_status":"closed","ping_status":"closed","template":"","meta":[],"yoast_head":"<!-- This site is optimized with the Yoast SEO plugin v17.5 - https:\/\/yoast.com\/wordpress\/plugins\/seo\/ -->\n<title>In eigener Sache &ndash; Onlinezeitung AmericanRebel<\/title>\n<meta name=\"robots\" content=\"index, follow, max-snippet:-1, max-image-preview:large, max-video-preview:-1\" \/>\n<link rel=\"canonical\" href=\"https:\/\/www.deanreed.de\/AmericanRebel\/2017\/in-eigener-sache\/\" \/>\n<meta property=\"og:locale\" content=\"de_DE\" \/>\n<meta property=\"og:type\" content=\"article\" \/>\n<meta property=\"og:title\" content=\"In eigener Sache &ndash; Onlinezeitung AmericanRebel\" \/>\n<meta property=\"og:description\" content=\"&#8222;American Rebel&#8220; ist eine internationale Online-Zeitung f\u00fcr Frieden, Humanismus, V\u00f6lkerverst\u00e4ndigung und Kultur. Sie ist, angelehnt an das Wirken und den Kampf von Dean Reed f\u00fcr eine gerechtere und friedliche Weltordnung, ein Informationspool, Diskussionsforum und Hintergrundlieferant f\u00fcr und \u00fcber alle Themen [&hellip;]&darr; Lese den Rest von diesem Eintrag...\" \/>\n<meta property=\"og:url\" content=\"https:\/\/www.deanreed.de\/AmericanRebel\/2017\/in-eigener-sache\/\" \/>\n<meta property=\"og:site_name\" content=\"Onlinezeitung AmericanRebel\" \/>\n<meta property=\"article:modified_time\" content=\"2017-08-25T19:04:06+00:00\" \/>\n<meta name=\"twitter:card\" content=\"summary_large_image\" \/>\n<meta name=\"twitter:label1\" content=\"Gesch\u00e4tzte Lesezeit\" \/>\n\t<meta name=\"twitter:data1\" content=\"1\u00a0Minute\" \/>\n<script type=\"application\/ld+json\" class=\"yoast-schema-graph\">{\"@context\":\"https:\/\/schema.org\",\"@graph\":[{\"@type\":\"WebSite\",\"@id\":\"https:\/\/www.deanreed.de\/AmericanRebel\/2017\/#website\",\"url\":\"https:\/\/www.deanreed.de\/AmericanRebel\/2017\/\",\"name\":\"Onlinezeitung AmericanRebel\",\"description\":\"Internationale Onlinezeitung f\\u00fcr Frieden, Humanismus, V\\u00f6lkerverst\\u00e4ndigung und Kultur\",\"potentialAction\":[{\"@type\":\"SearchAction\",\"target\":{\"@type\":\"EntryPoint\",\"urlTemplate\":\"https:\/\/www.deanreed.de\/AmericanRebel\/2017\/?s={search_term_string}\"},\"query-input\":\"required name=search_term_string\"}],\"inLanguage\":\"de\"},{\"@type\":\"WebPage\",\"@id\":\"https:\/\/www.deanreed.de\/AmericanRebel\/2017\/in-eigener-sache\/#webpage\",\"url\":\"https:\/\/www.deanreed.de\/AmericanRebel\/2017\/in-eigener-sache\/\",\"name\":\"In eigener Sache &ndash; Onlinezeitung AmericanRebel\",\"isPartOf\":{\"@id\":\"https:\/\/www.deanreed.de\/AmericanRebel\/2017\/#website\"},\"datePublished\":\"2015-12-01T01:19:20+00:00\",\"dateModified\":\"2017-08-25T19:04:06+00:00\",\"breadcrumb\":{\"@id\":\"https:\/\/www.deanreed.de\/AmericanRebel\/2017\/in-eigener-sache\/#breadcrumb\"},\"inLanguage\":\"de\",\"potentialAction\":[{\"@type\":\"ReadAction\",\"target\":[\"https:\/\/www.deanreed.de\/AmericanRebel\/2017\/in-eigener-sache\/\"]}]},{\"@type\":\"BreadcrumbList\",\"@id\":\"https:\/\/www.deanreed.de\/AmericanRebel\/2017\/in-eigener-sache\/#breadcrumb\",\"itemListElement\":[{\"@type\":\"ListItem\",\"position\":1,\"name\":\"Startseite\",\"item\":\"https:\/\/www.deanreed.de\/AmericanRebel\/2017\/\"},{\"@type\":\"ListItem\",\"position\":2,\"name\":\"In eigener Sache\"}]}]}<\/script>\n<!-- \/ Yoast SEO plugin. -->","yoast_head_json":{"title":"In eigener Sache &ndash; Onlinezeitung AmericanRebel","robots":{"index":"index","follow":"follow","max-snippet":"max-snippet:-1","max-image-preview":"max-image-preview:large","max-video-preview":"max-video-preview:-1"},"canonical":"https:\/\/www.deanreed.de\/AmericanRebel\/2017\/in-eigener-sache\/","og_locale":"de_DE","og_type":"article","og_title":"In eigener Sache &ndash; Onlinezeitung AmericanRebel","og_description":"&#8222;American Rebel&#8220; ist eine internationale Online-Zeitung f\u00fcr Frieden, Humanismus, V\u00f6lkerverst\u00e4ndigung und Kultur. Sie ist, angelehnt an das Wirken und den Kampf von Dean Reed f\u00fcr eine gerechtere und friedliche Weltordnung, ein Informationspool, Diskussionsforum und Hintergrundlieferant f\u00fcr und \u00fcber alle Themen [&hellip;]&darr; Lese den Rest von diesem Eintrag...","og_url":"https:\/\/www.deanreed.de\/AmericanRebel\/2017\/in-eigener-sache\/","og_site_name":"Onlinezeitung AmericanRebel","article_modified_time":"2017-08-25T19:04:06+00:00","twitter_card":"summary_large_image","twitter_misc":{"Gesch\u00e4tzte Lesezeit":"1\u00a0Minute"},"schema":{"@context":"https:\/\/schema.org","@graph":[{"@type":"WebSite","@id":"https:\/\/www.deanreed.de\/AmericanRebel\/2017\/#website","url":"https:\/\/www.deanreed.de\/AmericanRebel\/2017\/","name":"Onlinezeitung AmericanRebel","description":"Internationale Onlinezeitung f\u00fcr Frieden, Humanismus, V\u00f6lkerverst\u00e4ndigung und Kultur","potentialAction":[{"@type":"SearchAction","target":{"@type":"EntryPoint","urlTemplate":"https:\/\/www.deanreed.de\/AmericanRebel\/2017\/?s={search_term_string}"},"query-input":"required name=search_term_string"}],"inLanguage":"de"},{"@type":"WebPage","@id":"https:\/\/www.deanreed.de\/AmericanRebel\/2017\/in-eigener-sache\/#webpage","url":"https:\/\/www.deanreed.de\/AmericanRebel\/2017\/in-eigener-sache\/","name":"In eigener Sache &ndash; Onlinezeitung AmericanRebel","isPartOf":{"@id":"https:\/\/www.deanreed.de\/AmericanRebel\/2017\/#website"},"datePublished":"2015-12-01T01:19:20+00:00","dateModified":"2017-08-25T19:04:06+00:00","breadcrumb":{"@id":"https:\/\/www.deanreed.de\/AmericanRebel\/2017\/in-eigener-sache\/#breadcrumb"},"inLanguage":"de","potentialAction":[{"@type":"ReadAction","target":["https:\/\/www.deanreed.de\/AmericanRebel\/2017\/in-eigener-sache\/"]}]},{"@type":"BreadcrumbList","@id":"https:\/\/www.deanreed.de\/AmericanRebel\/2017\/in-eigener-sache\/#breadcrumb","itemListElement":[{"@type":"ListItem","position":1,"name":"Startseite","item":"https:\/\/www.deanreed.de\/AmericanRebel\/2017\/"},{"@type":"ListItem","position":2,"name":"In eigener Sache"}]}]}},"_links":{"self":[{"href":"https:\/\/www.deanreed.de\/AmericanRebel\/2017\/wp-json\/wp\/v2\/pages\/31"}],"collection":[{"href":"https:\/\/www.deanreed.de\/AmericanRebel\/2017\/wp-json\/wp\/v2\/pages"}],"about":[{"href":"https:\/\/www.deanreed.de\/AmericanRebel\/2017\/wp-json\/wp\/v2\/types\/page"}],"author":[{"embeddable":true,"href":"https:\/\/www.deanreed.de\/AmericanRebel\/2017\/wp-json\/wp\/v2\/users\/2"}],"replies":[{"embeddable":true,"href":"https:\/\/www.deanreed.de\/AmericanRebel\/2017\/wp-json\/wp\/v2\/comments?post=31"}],"version-history":[{"count":0,"href":"https:\/\/www.deanreed.de\/AmericanRebel\/2017\/wp-json\/wp\/v2\/pages\/31\/revisions"}],"wp:attachment":[{"href":"https:\/\/www.deanreed.de\/AmericanRebel\/2017\/wp-json\/wp\/v2\/media?parent=31"}],"curies":[{"name":"wp","href":"https:\/\/api.w.org\/{rel}","templated":true}]}}