{"id":203,"date":"2017-02-06T06:45:24","date_gmt":"2017-02-06T05:45:24","guid":{"rendered":"http:\/\/www.deanreed.de\/AmericanRebel\/2017\/?page_id=203"},"modified":"2017-02-09T01:25:02","modified_gmt":"2017-02-09T00:25:02","slug":"nota-general","status":"publish","type":"page","link":"https:\/\/www.deanreed.de\/AmericanRebel\/2017\/nota-general\/","title":{"rendered":"Nota general&nbsp;&nbsp;&nbsp;\u2013"},"content":{"rendered":"<article>\n<p style=\"text-align: justify;\">&#8222;American Rebel&#8220; es una revista electr\u00f3nica internacional en pro de la paz, el humanismo, el entendimiento entre los pueblos y la cultura que se basa en el trabajo y la lucha de Dean Reed por un orden mundial m\u00e1s justo y pac\u00edfico. Es una fuente de informaciones y un foro de discusi\u00f3n que aporta conocimientos de fondo sobre todos los temas interesantes en este contexto.<\/p>\n<p style=\"text-align: justify;\">Los lectores pueden escribirnos su opini\u00f3n. Cada uno puede publicar art\u00edculos en &#8222;American Rebel&#8220;. Le pedimos que nos env\u00ede sus textos para llenar las p\u00e1ginas. &#8222;American Rebel&#8220; se compromete al mismo internacionalismo que representaba el rebelde americano Dean Reed. Los textos deben unir los continentes bajo el lema de la paz y la amistad entre los pueblos. Por eso cada uno puede redactar sus textos en su idioma materno.<\/p>\n<h4 style=\"text-align: justify;\">Contacto: <a href=\"mailto:AmericanRebel@gmx.net\">AmericanRebel@gmx.net<\/a><\/h4>\n<h4 style=\"text-align: justify;\">La redacci\u00f3n de &#8222;American Rebel&#8220; en septiembre 2001 (actualizado en diciembre del 2015)<\/h4>\n<\/article>\n<p>&nbsp;<\/p>\n<p style=\"text-align: justify;\">American Rebel administra un <a href=\"https:\/\/www.facebook.com\/groups\/1683837971860223\/\" target=\"_blank\">grupo abierto en Facebook<\/a> que informa a sus miembros constantemente sobre nuevos textos. Es posible de discutir las informaciones y publicar articulos o presentar fotograf\u00edas, sobre cuales se puede discutir.<\/p>\n","protected":false},"excerpt":{"rendered":"<p>&#8222;American Rebel&#8220; es una revista electr\u00f3nica internacional en pro de la paz, el humanismo, el entendimiento entre los pueblos y la cultura que se basa en el trabajo y la lucha de Dean Reed por un orden mundial m\u00e1s justo [&hellip;]<a class=\"more-link\" href=\"https:\/\/www.deanreed.de\/AmericanRebel\/2017\/nota-general\/\">&darr; Lese den Rest von diesem Eintrag&#8230;<\/a><\/p>\n","protected":false},"author":1,"featured_media":0,"parent":0,"menu_order":0,"comment_status":"closed","ping_status":"closed","template":"","meta":[],"yoast_head":"<!-- This site is optimized with the Yoast SEO plugin v17.5 - https:\/\/yoast.com\/wordpress\/plugins\/seo\/ -->\n<title>Nota general&nbsp;&nbsp;&nbsp;\u2013 &ndash; Onlinezeitung AmericanRebel<\/title>\n<meta name=\"robots\" content=\"index, follow, max-snippet:-1, max-image-preview:large, max-video-preview:-1\" \/>\n<link rel=\"canonical\" href=\"http:\/\/www.deanreed.de\/AmericanRebel\/2017\/nota-general\/\" \/>\n<meta property=\"og:locale\" content=\"de_DE\" \/>\n<meta property=\"og:type\" content=\"article\" \/>\n<meta property=\"og:title\" content=\"Nota general&nbsp;&nbsp;&nbsp;\u2013 &ndash; Onlinezeitung AmericanRebel\" \/>\n<meta property=\"og:description\" content=\"&#8222;American Rebel&#8220; es una revista electr\u00f3nica internacional en pro de la paz, el humanismo, el entendimiento entre los pueblos y la cultura que se basa en el trabajo y la lucha de Dean Reed por un orden mundial m\u00e1s justo [&hellip;]&darr; Lese den Rest von diesem Eintrag...\" \/>\n<meta property=\"og:url\" content=\"http:\/\/www.deanreed.de\/AmericanRebel\/2017\/nota-general\/\" \/>\n<meta property=\"og:site_name\" content=\"Onlinezeitung AmericanRebel\" \/>\n<meta property=\"article:modified_time\" content=\"2017-02-09T00:25:02+00:00\" \/>\n<meta name=\"twitter:card\" content=\"summary_large_image\" \/>\n<meta name=\"twitter:label1\" content=\"Gesch\u00e4tzte Lesezeit\" \/>\n\t<meta name=\"twitter:data1\" content=\"1\u00a0Minute\" \/>\n<script type=\"application\/ld+json\" class=\"yoast-schema-graph\">{\"@context\":\"https:\/\/schema.org\",\"@graph\":[{\"@type\":\"WebSite\",\"@id\":\"https:\/\/www.deanreed.de\/AmericanRebel\/2017\/#website\",\"url\":\"https:\/\/www.deanreed.de\/AmericanRebel\/2017\/\",\"name\":\"Onlinezeitung AmericanRebel\",\"description\":\"Internationale Onlinezeitung f\\u00fcr Frieden, Humanismus, V\\u00f6lkerverst\\u00e4ndigung und Kultur\",\"potentialAction\":[{\"@type\":\"SearchAction\",\"target\":{\"@type\":\"EntryPoint\",\"urlTemplate\":\"https:\/\/www.deanreed.de\/AmericanRebel\/2017\/?s={search_term_string}\"},\"query-input\":\"required name=search_term_string\"}],\"inLanguage\":\"de\"},{\"@type\":\"WebPage\",\"@id\":\"http:\/\/www.deanreed.de\/AmericanRebel\/2017\/nota-general\/#webpage\",\"url\":\"http:\/\/www.deanreed.de\/AmericanRebel\/2017\/nota-general\/\",\"name\":\"Nota general&nbsp;&nbsp;&nbsp;\\u2013 &ndash; Onlinezeitung AmericanRebel\",\"isPartOf\":{\"@id\":\"https:\/\/www.deanreed.de\/AmericanRebel\/2017\/#website\"},\"datePublished\":\"2017-02-06T05:45:24+00:00\",\"dateModified\":\"2017-02-09T00:25:02+00:00\",\"breadcrumb\":{\"@id\":\"http:\/\/www.deanreed.de\/AmericanRebel\/2017\/nota-general\/#breadcrumb\"},\"inLanguage\":\"de\",\"potentialAction\":[{\"@type\":\"ReadAction\",\"target\":[\"http:\/\/www.deanreed.de\/AmericanRebel\/2017\/nota-general\/\"]}]},{\"@type\":\"BreadcrumbList\",\"@id\":\"http:\/\/www.deanreed.de\/AmericanRebel\/2017\/nota-general\/#breadcrumb\",\"itemListElement\":[{\"@type\":\"ListItem\",\"position\":1,\"name\":\"Startseite\",\"item\":\"https:\/\/www.deanreed.de\/AmericanRebel\/2017\/\"},{\"@type\":\"ListItem\",\"position\":2,\"name\":\"Nota general&nbsp;&nbsp;&nbsp;\\u2013\"}]}]}<\/script>\n<!-- \/ Yoast SEO plugin. -->","yoast_head_json":{"title":"Nota general&nbsp;&nbsp;&nbsp;\u2013 &ndash; Onlinezeitung AmericanRebel","robots":{"index":"index","follow":"follow","max-snippet":"max-snippet:-1","max-image-preview":"max-image-preview:large","max-video-preview":"max-video-preview:-1"},"canonical":"http:\/\/www.deanreed.de\/AmericanRebel\/2017\/nota-general\/","og_locale":"de_DE","og_type":"article","og_title":"Nota general&nbsp;&nbsp;&nbsp;\u2013 &ndash; Onlinezeitung AmericanRebel","og_description":"&#8222;American Rebel&#8220; es una revista electr\u00f3nica internacional en pro de la paz, el humanismo, el entendimiento entre los pueblos y la cultura que se basa en el trabajo y la lucha de Dean Reed por un orden mundial m\u00e1s justo [&hellip;]&darr; Lese den Rest von diesem Eintrag...","og_url":"http:\/\/www.deanreed.de\/AmericanRebel\/2017\/nota-general\/","og_site_name":"Onlinezeitung AmericanRebel","article_modified_time":"2017-02-09T00:25:02+00:00","twitter_card":"summary_large_image","twitter_misc":{"Gesch\u00e4tzte Lesezeit":"1\u00a0Minute"},"schema":{"@context":"https:\/\/schema.org","@graph":[{"@type":"WebSite","@id":"https:\/\/www.deanreed.de\/AmericanRebel\/2017\/#website","url":"https:\/\/www.deanreed.de\/AmericanRebel\/2017\/","name":"Onlinezeitung AmericanRebel","description":"Internationale Onlinezeitung f\u00fcr Frieden, Humanismus, V\u00f6lkerverst\u00e4ndigung und Kultur","potentialAction":[{"@type":"SearchAction","target":{"@type":"EntryPoint","urlTemplate":"https:\/\/www.deanreed.de\/AmericanRebel\/2017\/?s={search_term_string}"},"query-input":"required name=search_term_string"}],"inLanguage":"de"},{"@type":"WebPage","@id":"http:\/\/www.deanreed.de\/AmericanRebel\/2017\/nota-general\/#webpage","url":"http:\/\/www.deanreed.de\/AmericanRebel\/2017\/nota-general\/","name":"Nota general&nbsp;&nbsp;&nbsp;\u2013 &ndash; Onlinezeitung AmericanRebel","isPartOf":{"@id":"https:\/\/www.deanreed.de\/AmericanRebel\/2017\/#website"},"datePublished":"2017-02-06T05:45:24+00:00","dateModified":"2017-02-09T00:25:02+00:00","breadcrumb":{"@id":"http:\/\/www.deanreed.de\/AmericanRebel\/2017\/nota-general\/#breadcrumb"},"inLanguage":"de","potentialAction":[{"@type":"ReadAction","target":["http:\/\/www.deanreed.de\/AmericanRebel\/2017\/nota-general\/"]}]},{"@type":"BreadcrumbList","@id":"http:\/\/www.deanreed.de\/AmericanRebel\/2017\/nota-general\/#breadcrumb","itemListElement":[{"@type":"ListItem","position":1,"name":"Startseite","item":"https:\/\/www.deanreed.de\/AmericanRebel\/2017\/"},{"@type":"ListItem","position":2,"name":"Nota general&nbsp;&nbsp;&nbsp;\u2013"}]}]}},"_links":{"self":[{"href":"https:\/\/www.deanreed.de\/AmericanRebel\/2017\/wp-json\/wp\/v2\/pages\/203"}],"collection":[{"href":"https:\/\/www.deanreed.de\/AmericanRebel\/2017\/wp-json\/wp\/v2\/pages"}],"about":[{"href":"https:\/\/www.deanreed.de\/AmericanRebel\/2017\/wp-json\/wp\/v2\/types\/page"}],"author":[{"embeddable":true,"href":"https:\/\/www.deanreed.de\/AmericanRebel\/2017\/wp-json\/wp\/v2\/users\/1"}],"replies":[{"embeddable":true,"href":"https:\/\/www.deanreed.de\/AmericanRebel\/2017\/wp-json\/wp\/v2\/comments?post=203"}],"version-history":[{"count":0,"href":"https:\/\/www.deanreed.de\/AmericanRebel\/2017\/wp-json\/wp\/v2\/pages\/203\/revisions"}],"wp:attachment":[{"href":"https:\/\/www.deanreed.de\/AmericanRebel\/2017\/wp-json\/wp\/v2\/media?parent=203"}],"curies":[{"name":"wp","href":"https:\/\/api.w.org\/{rel}","templated":true}]}}