{"id":2,"date":"2018-07-07T22:19:32","date_gmt":"2018-07-07T20:19:32","guid":{"rendered":"http:\/\/www.deanreed.de\/AmericanRebel\/vk\/?page_id=2"},"modified":"2020-10-16T02:24:12","modified_gmt":"2020-10-16T00:24:12","slug":"beispiel-seite","status":"publish","type":"page","link":"http:\/\/www.deanreed.de\/AmericanRebel\/vk\/beispiel-seite\/","title":{"rendered":"| &nbsp;&nbsp;Mach mit, werdet Volkskorespondent\/-in!"},"content":{"rendered":"<p style=\"text-align: justify;\"><span style=\"font-size: 12pt;\">Wir suchen Kollegen und Kolleginnen, Frauen und M\u00e4nner, Arbeiter, Angestellte, Bauern, Lehrer\/innen und K\u00fcnstler \u2013 Ob jung oder alt, Inl\u00e4nder- oder Ausl\u00e4nder\/innen, Sch\u00fcler\/innen und Studenten\/-innen, kurz gesagt Menschen die gerne schreiben und berichten. Schreibt und berichtet \u00fcber Missst\u00e4nde und Hintergr\u00fcnde, \u00fcber die K\u00e4mpfe f\u00fcr Frieden und soziale Gerechtigkeit. \u00dcber Erfolge und Niederlagen. \u00dcber Ungerechtigkeiten, Unterdr\u00fcckung und Einsch\u00fcchterungen. Schreibt \u00fcber eure Aktivit\u00e4ten, also Arbeitsk\u00e4mpfe und euren Lehren daraus. Schreibt \u00fcber eure Aktionen, Demos, Gewerkschaftsarbeit, B\u00fcrgerinitiativen und so weiter. Schreibt \u00fcber Eure Einsch\u00e4tzungen zum Machtpoker der M\u00e4chtigen und der gesellschaftlichen Entwicklung. Schreibt dar\u00fcber, was ihr von der \u201egro\u00dfen Politik\u201c haltet. Gebt euch selber eine Stimme und schreibt \u2013 lasst es uns h\u00f6ren \u2013 lasst es alle h\u00f6ren!<\/span><\/p>\n<p><span style=\"font-size: 12pt;\">Eure Volkskorrespondenzen werden ver\u00f6ffentlicht in:<\/span><\/p>\n<ol>\n<li><a href=\"http:\/\/AmericanRebel.de\" target=\"_blank\" rel=\"noopener noreferrer\">AmericanRebel.de<\/a><\/li>\n<li><a href=\"http:\/\/www.Arbeit-Zukunft.de\" target=\"_blank\" rel=\"noopener noreferrer\">Arbeit-Zukunft.de<\/a><\/li>\n<li><a href=\"http:\/\/www.RoterMorgen.eu\" target=\"_blank\" rel=\"noopener noreferrer\">RoterMorgen.eu<\/a><\/li>\n<li><a href=\"http:\/\/www.DeanReed.de\" target=\"_blank\" rel=\"noopener noreferrer\">DeanReed.de<\/a><\/li>\n<li><a href=\"http:\/\/www.Einheit-ML.de\" target=\"_blank\" rel=\"noopener noreferrer\">Einheit-ML.de<\/a><\/li>\n<li><a href=\"http:\/\/www.ElCantor.de\" target=\"_blank\" rel=\"noopener noreferrer\">ElCantor.de<\/a><\/li>\n<li><a href=\"http:\/\/Hartz-4-Nachrichten.de\" target=\"_blank\" rel=\"noopener noreferrer\">Hartz-4-Nachrichten.de<\/a><\/li>\n<li><a href=\"http:\/\/www.Info-Welt.de\" target=\"_blank\" rel=\"noopener noreferrer\">Info-Welt.de<\/a><\/li>\n<\/ol>\n<p><span style=\"font-size: 12pt;\">Weite Zeitungen und Blogs werden dazu kommen.<\/span><\/p>\n","protected":false},"excerpt":{"rendered":"<p>Wir suchen Kollegen und Kolleginnen, Frauen und M\u00e4nner, Arbeiter, Angestellte, Bauern, Lehrer\/innen und K\u00fcnstler \u2013 Ob jung oder alt, Inl\u00e4nder- oder Ausl\u00e4nder\/innen, Sch\u00fcler\/innen und Studenten\/-innen, kurz gesagt Menschen die gerne schreiben und berichten. Schreibt und berichtet \u00fcber Missst\u00e4nde und Hintergr\u00fcnde, [&hellip;]<a class=\"more-link\" href=\"http:\/\/www.deanreed.de\/AmericanRebel\/vk\/beispiel-seite\/\">&darr; Lese den Rest von diesem Eintrag&#8230;<\/a><\/p>\n","protected":false},"author":1,"featured_media":0,"parent":0,"menu_order":1,"comment_status":"closed","ping_status":"open","template":"","meta":[],"yoast_head":"<!-- This site is optimized with the Yoast SEO plugin v17.5 - https:\/\/yoast.com\/wordpress\/plugins\/seo\/ -->\n<title>| &nbsp;&nbsp;Mach mit, werdet Volkskorespondent\/-in! - Volkskorrespondenz<\/title>\n<meta name=\"robots\" content=\"index, follow, max-snippet:-1, max-image-preview:large, max-video-preview:-1\" \/>\n<link rel=\"canonical\" href=\"http:\/\/www.deanreed.de\/AmericanRebel\/vk\/beispiel-seite\/\" \/>\n<meta property=\"og:locale\" content=\"de_DE\" \/>\n<meta property=\"og:type\" content=\"article\" \/>\n<meta property=\"og:title\" content=\"| &nbsp;&nbsp;Mach mit, werdet Volkskorespondent\/-in! - Volkskorrespondenz\" \/>\n<meta property=\"og:description\" content=\"Wir suchen Kollegen und Kolleginnen, Frauen und M\u00e4nner, Arbeiter, Angestellte, Bauern, Lehrer\/innen und K\u00fcnstler \u2013 Ob jung oder alt, Inl\u00e4nder- oder Ausl\u00e4nder\/innen, Sch\u00fcler\/innen und Studenten\/-innen, kurz gesagt Menschen die gerne schreiben und berichten. Schreibt und berichtet \u00fcber Missst\u00e4nde und Hintergr\u00fcnde, [&hellip;]&darr; Lese den Rest von diesem Eintrag...\" \/>\n<meta property=\"og:url\" content=\"http:\/\/www.deanreed.de\/AmericanRebel\/vk\/beispiel-seite\/\" \/>\n<meta property=\"og:site_name\" content=\"Volkskorrespondenz\" \/>\n<meta property=\"article:modified_time\" content=\"2020-10-16T00:24:12+00:00\" \/>\n<meta name=\"twitter:card\" content=\"summary_large_image\" \/>\n<meta name=\"twitter:label1\" content=\"Gesch\u00e4tzte Lesezeit\" \/>\n\t<meta name=\"twitter:data1\" content=\"1\u00a0Minute\" \/>\n<script type=\"application\/ld+json\" class=\"yoast-schema-graph\">{\"@context\":\"https:\/\/schema.org\",\"@graph\":[{\"@type\":\"WebSite\",\"@id\":\"http:\/\/www.deanreed.de\/AmericanRebel\/vk\/#website\",\"url\":\"http:\/\/www.deanreed.de\/AmericanRebel\/vk\/\",\"name\":\"Volkskorrespondenz\",\"description\":\"Leser\/innen schreiben selber\",\"potentialAction\":[{\"@type\":\"SearchAction\",\"target\":{\"@type\":\"EntryPoint\",\"urlTemplate\":\"http:\/\/www.deanreed.de\/AmericanRebel\/vk\/?s={search_term_string}\"},\"query-input\":\"required name=search_term_string\"}],\"inLanguage\":\"de\"},{\"@type\":\"WebPage\",\"@id\":\"http:\/\/www.deanreed.de\/AmericanRebel\/vk\/beispiel-seite\/#webpage\",\"url\":\"http:\/\/www.deanreed.de\/AmericanRebel\/vk\/beispiel-seite\/\",\"name\":\"| &nbsp;&nbsp;Mach mit, werdet Volkskorespondent\/-in! - Volkskorrespondenz\",\"isPartOf\":{\"@id\":\"http:\/\/www.deanreed.de\/AmericanRebel\/vk\/#website\"},\"datePublished\":\"2018-07-07T20:19:32+00:00\",\"dateModified\":\"2020-10-16T00:24:12+00:00\",\"breadcrumb\":{\"@id\":\"http:\/\/www.deanreed.de\/AmericanRebel\/vk\/beispiel-seite\/#breadcrumb\"},\"inLanguage\":\"de\",\"potentialAction\":[{\"@type\":\"ReadAction\",\"target\":[\"http:\/\/www.deanreed.de\/AmericanRebel\/vk\/beispiel-seite\/\"]}]},{\"@type\":\"BreadcrumbList\",\"@id\":\"http:\/\/www.deanreed.de\/AmericanRebel\/vk\/beispiel-seite\/#breadcrumb\",\"itemListElement\":[{\"@type\":\"ListItem\",\"position\":1,\"name\":\"Startseite\",\"item\":\"http:\/\/www.deanreed.de\/AmericanRebel\/vk\/\"},{\"@type\":\"ListItem\",\"position\":2,\"name\":\"| &nbsp;&nbsp;Mach mit, werdet Volkskorespondent\/-in!\"}]}]}<\/script>\n<!-- \/ Yoast SEO plugin. -->","yoast_head_json":{"title":"| &nbsp;&nbsp;Mach mit, werdet Volkskorespondent\/-in! - Volkskorrespondenz","robots":{"index":"index","follow":"follow","max-snippet":"max-snippet:-1","max-image-preview":"max-image-preview:large","max-video-preview":"max-video-preview:-1"},"canonical":"http:\/\/www.deanreed.de\/AmericanRebel\/vk\/beispiel-seite\/","og_locale":"de_DE","og_type":"article","og_title":"| &nbsp;&nbsp;Mach mit, werdet Volkskorespondent\/-in! - Volkskorrespondenz","og_description":"Wir suchen Kollegen und Kolleginnen, Frauen und M\u00e4nner, Arbeiter, Angestellte, Bauern, Lehrer\/innen und K\u00fcnstler \u2013 Ob jung oder alt, Inl\u00e4nder- oder Ausl\u00e4nder\/innen, Sch\u00fcler\/innen und Studenten\/-innen, kurz gesagt Menschen die gerne schreiben und berichten. Schreibt und berichtet \u00fcber Missst\u00e4nde und Hintergr\u00fcnde, [&hellip;]&darr; Lese den Rest von diesem Eintrag...","og_url":"http:\/\/www.deanreed.de\/AmericanRebel\/vk\/beispiel-seite\/","og_site_name":"Volkskorrespondenz","article_modified_time":"2020-10-16T00:24:12+00:00","twitter_card":"summary_large_image","twitter_misc":{"Gesch\u00e4tzte Lesezeit":"1\u00a0Minute"},"schema":{"@context":"https:\/\/schema.org","@graph":[{"@type":"WebSite","@id":"http:\/\/www.deanreed.de\/AmericanRebel\/vk\/#website","url":"http:\/\/www.deanreed.de\/AmericanRebel\/vk\/","name":"Volkskorrespondenz","description":"Leser\/innen schreiben selber","potentialAction":[{"@type":"SearchAction","target":{"@type":"EntryPoint","urlTemplate":"http:\/\/www.deanreed.de\/AmericanRebel\/vk\/?s={search_term_string}"},"query-input":"required name=search_term_string"}],"inLanguage":"de"},{"@type":"WebPage","@id":"http:\/\/www.deanreed.de\/AmericanRebel\/vk\/beispiel-seite\/#webpage","url":"http:\/\/www.deanreed.de\/AmericanRebel\/vk\/beispiel-seite\/","name":"| &nbsp;&nbsp;Mach mit, werdet Volkskorespondent\/-in! - Volkskorrespondenz","isPartOf":{"@id":"http:\/\/www.deanreed.de\/AmericanRebel\/vk\/#website"},"datePublished":"2018-07-07T20:19:32+00:00","dateModified":"2020-10-16T00:24:12+00:00","breadcrumb":{"@id":"http:\/\/www.deanreed.de\/AmericanRebel\/vk\/beispiel-seite\/#breadcrumb"},"inLanguage":"de","potentialAction":[{"@type":"ReadAction","target":["http:\/\/www.deanreed.de\/AmericanRebel\/vk\/beispiel-seite\/"]}]},{"@type":"BreadcrumbList","@id":"http:\/\/www.deanreed.de\/AmericanRebel\/vk\/beispiel-seite\/#breadcrumb","itemListElement":[{"@type":"ListItem","position":1,"name":"Startseite","item":"http:\/\/www.deanreed.de\/AmericanRebel\/vk\/"},{"@type":"ListItem","position":2,"name":"| &nbsp;&nbsp;Mach mit, werdet Volkskorespondent\/-in!"}]}]}},"_links":{"self":[{"href":"http:\/\/www.deanreed.de\/AmericanRebel\/vk\/wp-json\/wp\/v2\/pages\/2"}],"collection":[{"href":"http:\/\/www.deanreed.de\/AmericanRebel\/vk\/wp-json\/wp\/v2\/pages"}],"about":[{"href":"http:\/\/www.deanreed.de\/AmericanRebel\/vk\/wp-json\/wp\/v2\/types\/page"}],"author":[{"embeddable":true,"href":"http:\/\/www.deanreed.de\/AmericanRebel\/vk\/wp-json\/wp\/v2\/users\/1"}],"replies":[{"embeddable":true,"href":"http:\/\/www.deanreed.de\/AmericanRebel\/vk\/wp-json\/wp\/v2\/comments?post=2"}],"version-history":[{"count":28,"href":"http:\/\/www.deanreed.de\/AmericanRebel\/vk\/wp-json\/wp\/v2\/pages\/2\/revisions"}],"predecessor-version":[{"id":2053,"href":"http:\/\/www.deanreed.de\/AmericanRebel\/vk\/wp-json\/wp\/v2\/pages\/2\/revisions\/2053"}],"wp:attachment":[{"href":"http:\/\/www.deanreed.de\/AmericanRebel\/vk\/wp-json\/wp\/v2\/media?parent=2"}],"curies":[{"name":"wp","href":"https:\/\/api.w.org\/{rel}","templated":true}]}}