{"id":196,"date":"2017-02-06T06:42:26","date_gmt":"2017-02-06T05:42:26","guid":{"rendered":"http:\/\/www.deanreed.de\/AmericanRebel\/2017\/?page_id=196"},"modified":"2017-02-09T01:24:38","modified_gmt":"2017-02-09T00:24:38","slug":"on-our-own-behalf","status":"publish","type":"page","link":"http:\/\/www.deanreed.de\/AmericanRebel\/2017\/on-our-own-behalf\/","title":{"rendered":"On our own behalf &nbsp;&nbsp;&nbsp;\u2013"},"content":{"rendered":"<article>\n<p style=\"text-align: justify;\">&#8222;American Rebel&#8220; is an international online-newspaper for Peace, Humanism, International Understanding and Culture. It is concerned with the works an legacy of Dean Reed, for a just and peaceful world-order, an information-pool and discussion forum for the delivery of background themes related to these interests.<\/p>\n<p style=\"text-align: justify;\">Opinions of readers are welcome in &#8222;American Rebel&#8220; and anyone can publish their own articles. So, use the keyboard, and fill those empty pages! &#8222;American Rebel&#8220; is just as international as Dean Reed was himself. Articles should link the contents in the spirit of Peace and International Friendship, so people may write in their own mother tongues.<\/p>\n<h4 style=\"text-align: justify;\">Contact: <a href=\"mailto:AmericanRebel@gmx.net\">AmericanRebel@gmx.net<\/a><\/h4>\n<h4 style=\"text-align: justify;\">From the Editors of &#8222;American Rebel&#8220; September 2001 (Revised in December 2015)<\/h4>\n<\/article>\n<p style=\"text-align: justify;\">American Rebel has a <a href=\"https:\/\/www.facebook.com\/groups\/1683837971860223\/\" target=\"_blank\">public Facebook Group<\/a>, which is continually keeping members up to date with new articles. It is also possible to discuss these articles and post texts and pictures for discussion.<\/p>\n","protected":false},"excerpt":{"rendered":"<p>&#8222;American Rebel&#8220; is an international online-newspaper for Peace, Humanism, International Understanding and Culture. It is concerned with the works an legacy of Dean Reed, for a just and peaceful world-order, an information-pool and discussion forum for the delivery of background [&hellip;]<a class=\"more-link\" href=\"http:\/\/www.deanreed.de\/AmericanRebel\/2017\/on-our-own-behalf\/\">&darr; Lese den Rest von diesem Eintrag&#8230;<\/a><\/p>\n","protected":false},"author":1,"featured_media":0,"parent":0,"menu_order":0,"comment_status":"closed","ping_status":"closed","template":"","meta":[],"yoast_head":"<!-- This site is optimized with the Yoast SEO plugin v17.5 - https:\/\/yoast.com\/wordpress\/plugins\/seo\/ -->\n<title>On our own behalf &nbsp;&nbsp;&nbsp;\u2013 &ndash; Onlinezeitung AmericanRebel<\/title>\n<meta name=\"robots\" content=\"index, follow, max-snippet:-1, max-image-preview:large, max-video-preview:-1\" \/>\n<link rel=\"canonical\" href=\"https:\/\/www.deanreed.de\/AmericanRebel\/2017\/on-our-own-behalf\/\" \/>\n<meta property=\"og:locale\" content=\"de_DE\" \/>\n<meta property=\"og:type\" content=\"article\" \/>\n<meta property=\"og:title\" content=\"On our own behalf &nbsp;&nbsp;&nbsp;\u2013 &ndash; Onlinezeitung AmericanRebel\" \/>\n<meta property=\"og:description\" content=\"&#8222;American Rebel&#8220; is an international online-newspaper for Peace, Humanism, International Understanding and Culture. It is concerned with the works an legacy of Dean Reed, for a just and peaceful world-order, an information-pool and discussion forum for the delivery of background [&hellip;]&darr; Lese den Rest von diesem Eintrag...\" \/>\n<meta property=\"og:url\" content=\"https:\/\/www.deanreed.de\/AmericanRebel\/2017\/on-our-own-behalf\/\" \/>\n<meta property=\"og:site_name\" content=\"Onlinezeitung AmericanRebel\" \/>\n<meta property=\"article:modified_time\" content=\"2017-02-09T00:24:38+00:00\" \/>\n<meta name=\"twitter:card\" content=\"summary_large_image\" \/>\n<meta name=\"twitter:label1\" content=\"Gesch\u00e4tzte Lesezeit\" \/>\n\t<meta name=\"twitter:data1\" content=\"1\u00a0Minute\" \/>\n<script type=\"application\/ld+json\" class=\"yoast-schema-graph\">{\"@context\":\"https:\/\/schema.org\",\"@graph\":[{\"@type\":\"WebSite\",\"@id\":\"https:\/\/www.deanreed.de\/AmericanRebel\/2017\/#website\",\"url\":\"https:\/\/www.deanreed.de\/AmericanRebel\/2017\/\",\"name\":\"Onlinezeitung AmericanRebel\",\"description\":\"Internationale Onlinezeitung f\\u00fcr Frieden, Humanismus, V\\u00f6lkerverst\\u00e4ndigung und Kultur\",\"potentialAction\":[{\"@type\":\"SearchAction\",\"target\":{\"@type\":\"EntryPoint\",\"urlTemplate\":\"https:\/\/www.deanreed.de\/AmericanRebel\/2017\/?s={search_term_string}\"},\"query-input\":\"required name=search_term_string\"}],\"inLanguage\":\"de\"},{\"@type\":\"WebPage\",\"@id\":\"https:\/\/www.deanreed.de\/AmericanRebel\/2017\/on-our-own-behalf\/#webpage\",\"url\":\"https:\/\/www.deanreed.de\/AmericanRebel\/2017\/on-our-own-behalf\/\",\"name\":\"On our own behalf &nbsp;&nbsp;&nbsp;\\u2013 &ndash; Onlinezeitung AmericanRebel\",\"isPartOf\":{\"@id\":\"https:\/\/www.deanreed.de\/AmericanRebel\/2017\/#website\"},\"datePublished\":\"2017-02-06T05:42:26+00:00\",\"dateModified\":\"2017-02-09T00:24:38+00:00\",\"breadcrumb\":{\"@id\":\"https:\/\/www.deanreed.de\/AmericanRebel\/2017\/on-our-own-behalf\/#breadcrumb\"},\"inLanguage\":\"de\",\"potentialAction\":[{\"@type\":\"ReadAction\",\"target\":[\"https:\/\/www.deanreed.de\/AmericanRebel\/2017\/on-our-own-behalf\/\"]}]},{\"@type\":\"BreadcrumbList\",\"@id\":\"https:\/\/www.deanreed.de\/AmericanRebel\/2017\/on-our-own-behalf\/#breadcrumb\",\"itemListElement\":[{\"@type\":\"ListItem\",\"position\":1,\"name\":\"Startseite\",\"item\":\"https:\/\/www.deanreed.de\/AmericanRebel\/2017\/\"},{\"@type\":\"ListItem\",\"position\":2,\"name\":\"On our own behalf &nbsp;&nbsp;&nbsp;\\u2013\"}]}]}<\/script>\n<!-- \/ Yoast SEO plugin. -->","yoast_head_json":{"title":"On our own behalf &nbsp;&nbsp;&nbsp;\u2013 &ndash; Onlinezeitung AmericanRebel","robots":{"index":"index","follow":"follow","max-snippet":"max-snippet:-1","max-image-preview":"max-image-preview:large","max-video-preview":"max-video-preview:-1"},"canonical":"https:\/\/www.deanreed.de\/AmericanRebel\/2017\/on-our-own-behalf\/","og_locale":"de_DE","og_type":"article","og_title":"On our own behalf &nbsp;&nbsp;&nbsp;\u2013 &ndash; Onlinezeitung AmericanRebel","og_description":"&#8222;American Rebel&#8220; is an international online-newspaper for Peace, Humanism, International Understanding and Culture. It is concerned with the works an legacy of Dean Reed, for a just and peaceful world-order, an information-pool and discussion forum for the delivery of background [&hellip;]&darr; Lese den Rest von diesem Eintrag...","og_url":"https:\/\/www.deanreed.de\/AmericanRebel\/2017\/on-our-own-behalf\/","og_site_name":"Onlinezeitung AmericanRebel","article_modified_time":"2017-02-09T00:24:38+00:00","twitter_card":"summary_large_image","twitter_misc":{"Gesch\u00e4tzte Lesezeit":"1\u00a0Minute"},"schema":{"@context":"https:\/\/schema.org","@graph":[{"@type":"WebSite","@id":"https:\/\/www.deanreed.de\/AmericanRebel\/2017\/#website","url":"https:\/\/www.deanreed.de\/AmericanRebel\/2017\/","name":"Onlinezeitung AmericanRebel","description":"Internationale Onlinezeitung f\u00fcr Frieden, Humanismus, V\u00f6lkerverst\u00e4ndigung und Kultur","potentialAction":[{"@type":"SearchAction","target":{"@type":"EntryPoint","urlTemplate":"https:\/\/www.deanreed.de\/AmericanRebel\/2017\/?s={search_term_string}"},"query-input":"required name=search_term_string"}],"inLanguage":"de"},{"@type":"WebPage","@id":"https:\/\/www.deanreed.de\/AmericanRebel\/2017\/on-our-own-behalf\/#webpage","url":"https:\/\/www.deanreed.de\/AmericanRebel\/2017\/on-our-own-behalf\/","name":"On our own behalf &nbsp;&nbsp;&nbsp;\u2013 &ndash; Onlinezeitung AmericanRebel","isPartOf":{"@id":"https:\/\/www.deanreed.de\/AmericanRebel\/2017\/#website"},"datePublished":"2017-02-06T05:42:26+00:00","dateModified":"2017-02-09T00:24:38+00:00","breadcrumb":{"@id":"https:\/\/www.deanreed.de\/AmericanRebel\/2017\/on-our-own-behalf\/#breadcrumb"},"inLanguage":"de","potentialAction":[{"@type":"ReadAction","target":["https:\/\/www.deanreed.de\/AmericanRebel\/2017\/on-our-own-behalf\/"]}]},{"@type":"BreadcrumbList","@id":"https:\/\/www.deanreed.de\/AmericanRebel\/2017\/on-our-own-behalf\/#breadcrumb","itemListElement":[{"@type":"ListItem","position":1,"name":"Startseite","item":"https:\/\/www.deanreed.de\/AmericanRebel\/2017\/"},{"@type":"ListItem","position":2,"name":"On our own behalf &nbsp;&nbsp;&nbsp;\u2013"}]}]}},"_links":{"self":[{"href":"http:\/\/www.deanreed.de\/AmericanRebel\/2017\/wp-json\/wp\/v2\/pages\/196"}],"collection":[{"href":"http:\/\/www.deanreed.de\/AmericanRebel\/2017\/wp-json\/wp\/v2\/pages"}],"about":[{"href":"http:\/\/www.deanreed.de\/AmericanRebel\/2017\/wp-json\/wp\/v2\/types\/page"}],"author":[{"embeddable":true,"href":"http:\/\/www.deanreed.de\/AmericanRebel\/2017\/wp-json\/wp\/v2\/users\/1"}],"replies":[{"embeddable":true,"href":"http:\/\/www.deanreed.de\/AmericanRebel\/2017\/wp-json\/wp\/v2\/comments?post=196"}],"version-history":[{"count":0,"href":"http:\/\/www.deanreed.de\/AmericanRebel\/2017\/wp-json\/wp\/v2\/pages\/196\/revisions"}],"wp:attachment":[{"href":"http:\/\/www.deanreed.de\/AmericanRebel\/2017\/wp-json\/wp\/v2\/media?parent=196"}],"curies":[{"name":"wp","href":"https:\/\/api.w.org\/{rel}","templated":true}]}}